{"id":67,"date":"2018-05-09T01:37:26","date_gmt":"2018-05-09T01:37:26","guid":{"rendered":"http:\/\/www.biosistem.net\/?post_type=product&#038;p=67"},"modified":"2018-05-22T02:38:22","modified_gmt":"2018-05-22T02:38:22","slug":"sistema-muscular","status":"publish","type":"product","link":"https:\/\/www.biosistem.net\/index.php\/producto\/sistema-muscular\/","title":{"rendered":"SISMCL (SISTEMA MUSCULAR)"},"content":{"rendered":"<p><strong>SISMCL: nos ayuda en el musculo a regenerar, reparar, antiinflamatoria, fortalece a nivel celular el tejido da\u00f1ado de forma sistem\u00e1tica. SISMCL es un auxiliar en enfermedades neurol\u00f3gicas, distrofia muscular , atrofia senil, evento vascular cerebral, esclerosis m\u00faltiple, esguinces, espol\u00f3n calc\u00e1neo, lesiones musculares degenerativas, tendinitis, bursitis, condropatia, artrosis, entre otras.<div class='et-box et-shadow'>\n\t\t\t\t\t<div class='et-box-content'>Musculo 85% Tendones 5% Ligamentos 1% Cartilago 1%<\/div><\/div><\/strong><\/p>\n","protected":false},"excerpt":{"rendered":"<p>&nbsp;<\/p>\n<p style=\"text-align: center;\"><strong>CONTENIDO:<\/strong><\/p>\n<p><strong><div class='et-box et-shadow'>\n\t\t\t\t\t<div class='et-box-content'>Musculo 85%<\/strong><\/p>\n<p><strong>Tendones 5%<\/strong><\/p>\n<p><strong>Ligamentos 1%<\/strong><\/p>\n<p><strong>Cartilago 1%<\/div><\/div><\/strong><\/p>\n","protected":false},"featured_media":140,"comment_status":"open","ping_status":"closed","template":"","meta":[],"product_cat":[17],"product_tag":[],"_links":{"self":[{"href":"https:\/\/www.biosistem.net\/index.php\/wp-json\/wp\/v2\/product\/67"}],"collection":[{"href":"https:\/\/www.biosistem.net\/index.php\/wp-json\/wp\/v2\/product"}],"about":[{"href":"https:\/\/www.biosistem.net\/index.php\/wp-json\/wp\/v2\/types\/product"}],"replies":[{"embeddable":true,"href":"https:\/\/www.biosistem.net\/index.php\/wp-json\/wp\/v2\/comments?post=67"}],"wp:featuredmedia":[{"embeddable":true,"href":"https:\/\/www.biosistem.net\/index.php\/wp-json\/wp\/v2\/media\/140"}],"wp:attachment":[{"href":"https:\/\/www.biosistem.net\/index.php\/wp-json\/wp\/v2\/media?parent=67"}],"wp:term":[{"taxonomy":"product_cat","embeddable":true,"href":"https:\/\/www.biosistem.net\/index.php\/wp-json\/wp\/v2\/product_cat?post=67"},{"taxonomy":"product_tag","embeddable":true,"href":"https:\/\/www.biosistem.net\/index.php\/wp-json\/wp\/v2\/product_tag?post=67"}],"curies":[{"name":"wp","href":"https:\/\/api.w.org\/{rel}","templated":true}]}}