{"id":57,"date":"2018-05-09T01:18:24","date_gmt":"2018-05-09T01:18:24","guid":{"rendered":"http:\/\/www.biosistem.net\/?post_type=product&#038;p=57"},"modified":"2022-10-06T23:55:12","modified_gmt":"2022-10-06T23:55:12","slug":"sistema-reproductor-masculino","status":"publish","type":"product","link":"https:\/\/www.biosistem.net\/index.php\/producto\/sistema-reproductor-masculino\/","title":{"rendered":"SRM (SISTEMA REPRODUCTOR MASCULINO)"},"content":{"rendered":"<p><strong>S.R.M este sistema se encarga de la reproducci\u00f3n de hormonas masculinas regulando diversas funciones en el organismo al mejorar el flujo sangu\u00edneo. S.R.M es un auxiliar en disfunci\u00f3n er\u00e9ctil, hiperplasia benigna de pr\u00f3stata, epidimitis, disminuci\u00f3n de libido, etc.<\/strong><\/p>\n","protected":false},"excerpt":{"rendered":"<p>&nbsp;<\/p>\n<p style=\"text-align: center;\"><strong>CONTENIDO:<\/strong><\/p>\n<p><strong><div class='et-box et-shadow'>\n\t\t\t\t\t<div class='et-box-content'>Gonada masculina 95%<\/div><\/div><\/strong><\/p>\n","protected":false},"featured_media":147,"comment_status":"open","ping_status":"closed","template":"","meta":[],"product_cat":[17],"product_tag":[],"_links":{"self":[{"href":"https:\/\/www.biosistem.net\/index.php\/wp-json\/wp\/v2\/product\/57"}],"collection":[{"href":"https:\/\/www.biosistem.net\/index.php\/wp-json\/wp\/v2\/product"}],"about":[{"href":"https:\/\/www.biosistem.net\/index.php\/wp-json\/wp\/v2\/types\/product"}],"replies":[{"embeddable":true,"href":"https:\/\/www.biosistem.net\/index.php\/wp-json\/wp\/v2\/comments?post=57"}],"wp:featuredmedia":[{"embeddable":true,"href":"https:\/\/www.biosistem.net\/index.php\/wp-json\/wp\/v2\/media\/147"}],"wp:attachment":[{"href":"https:\/\/www.biosistem.net\/index.php\/wp-json\/wp\/v2\/media?parent=57"}],"wp:term":[{"taxonomy":"product_cat","embeddable":true,"href":"https:\/\/www.biosistem.net\/index.php\/wp-json\/wp\/v2\/product_cat?post=57"},{"taxonomy":"product_tag","embeddable":true,"href":"https:\/\/www.biosistem.net\/index.php\/wp-json\/wp\/v2\/product_tag?post=57"}],"curies":[{"name":"wp","href":"https:\/\/api.w.org\/{rel}","templated":true}]}}