{"id":154,"date":"2018-05-11T02:12:45","date_gmt":"2018-05-11T02:12:45","guid":{"rendered":"http:\/\/www.biosistem.net\/?post_type=product&#038;p=154"},"modified":"2026-01-01T16:21:02","modified_gmt":"2026-01-01T16:21:02","slug":"estetica-2","status":"publish","type":"product","link":"https:\/\/www.biosistem.net\/index.php\/producto\/estetica-2\/","title":{"rendered":"ESTETICA 2"},"content":{"rendered":"<p><strong>La combinaci\u00f3n de extractos encontrada en Est\u00e9tica 2, mejora la actividad metabolica de la piel, restaura y revitaliza el tejido conectivo, ayuda a elevar la cantidad de minerales que se pierden con la edad. Estetica 2 nos ayuda como regeneradora, homeost\u00e1tica, reguladora, secretora, antiinflamatoria y nos proporciona ox\u00edgeno a nivel celular. Es un auxiliar en enfermedades como sama, eccema, dermatitis, vit\u00edligo, urticaria, Psoriasis, Herpes, Ictiosis, y Eritema nodoso.<\/strong><\/p>\n","protected":false},"excerpt":{"rendered":"<p>&nbsp;<\/p>\n<p style=\"text-align: center;\"><strong>CONTENIDO:<\/strong><\/p>\n<p><strong><div class='et-box et-shadow'>\n\t\t\t\t\t<div class='et-box-content'>Placenta 50%<\/strong><\/p>\n<p><strong>Musculo 10%<\/strong><\/p>\n<p><strong>Cordon 20%<\/strong><\/p>\n<p><strong>Colageno 10%<\/div><\/div><\/strong><\/p>\n","protected":false},"featured_media":137,"comment_status":"open","ping_status":"closed","template":"","meta":[],"product_cat":[17],"product_tag":[],"_links":{"self":[{"href":"https:\/\/www.biosistem.net\/index.php\/wp-json\/wp\/v2\/product\/154"}],"collection":[{"href":"https:\/\/www.biosistem.net\/index.php\/wp-json\/wp\/v2\/product"}],"about":[{"href":"https:\/\/www.biosistem.net\/index.php\/wp-json\/wp\/v2\/types\/product"}],"replies":[{"embeddable":true,"href":"https:\/\/www.biosistem.net\/index.php\/wp-json\/wp\/v2\/comments?post=154"}],"wp:featuredmedia":[{"embeddable":true,"href":"https:\/\/www.biosistem.net\/index.php\/wp-json\/wp\/v2\/media\/137"}],"wp:attachment":[{"href":"https:\/\/www.biosistem.net\/index.php\/wp-json\/wp\/v2\/media?parent=154"}],"wp:term":[{"taxonomy":"product_cat","embeddable":true,"href":"https:\/\/www.biosistem.net\/index.php\/wp-json\/wp\/v2\/product_cat?post=154"},{"taxonomy":"product_tag","embeddable":true,"href":"https:\/\/www.biosistem.net\/index.php\/wp-json\/wp\/v2\/product_tag?post=154"}],"curies":[{"name":"wp","href":"https:\/\/api.w.org\/{rel}","templated":true}]}}